{"id":97480,"date":"2023-02-25T10:50:40","date_gmt":"2023-02-25T10:50:40","guid":{"rendered":"https:\/\/minervashop.eu\/toode\/usundid-ja-vaimsed-opetused-eestis\/"},"modified":"2023-02-25T10:50:40","modified_gmt":"2023-02-25T10:50:40","slug":"usundid-ja-vaimsed-opetused-eestis","status":"publish","type":"product","link":"https:\/\/minervashop.eu\/en\/product\/usundid-ja-vaimsed-opetused-eestis\/","title":{"rendered":"Usundid ja vaimsed \u00f5petused Eestis"},"content":{"rendered":"<p>Mil m\u00e4\u00e4ral leidub Eestis kabala, spiritismi, woodoo v\u00f5i ka maausuga tegelejaid? Mida tunneb vabastaval hingamisel osaleja? Mis on Gurd\u017eijevi sakraalsed liikumised ja millele keskendub Lilla Leegi hoidja vennaskond? Kas Gunnar Aarma vaimsete p\u00f5him\u00f5tete ja Osho \u00f5petuste j\u00e4rgijate kogemustes on sarnasusi? Nendele ja veel paljudele muudele vaimsuse avaldumisviisidega seotud k\u00fcsimustele pakub vastuseid k\u00e4esolev raamat, mis toob lugejani 100 erinevat Eestis v\u00e4ljundi leidnud usundit ja vaimset \u00f5petust. M\u00e4rks\u00f5nade juures on illustratsioonina ja isiklikuma vaatena esitatud ilmekad kogemuslood, mis annavad edasi killukese konkreetse inimese suhtest antud \u00f5petuse v\u00f5i religiooniga.<\/p>\n<p>Raamatu autor Reet Hiiem\u00e4e on folklorist ja usunditeadlane, kelle huvikeskmes on uskumuste ps\u00fchholoogiline aspekt, rahvap\u00e4rimuses avalduvad kaitsemehhanismid ning hirmude ja traumadega toimetulemise viisid.<\/p>\n","protected":false},"excerpt":{"rendered":"<ul class=\"two-cols-text\">\n<li class=\"product_dimensions\">M\u00f5\u00f5dud:\u00a0160 \u00d7 210 mm<\/li>\n<li class=\"product_published\">Ilmunud:\u00a021.11.2019<\/li>\n<li>304 lk.<\/li>\n<\/ul>\n","protected":false},"featured_media":97466,"template":"","meta":[],"product_brand":[],"product_cat":[670,431],"product_tag":[],"class_list":{"0":"post-97480","1":"product","2":"type-product","3":"status-publish","4":"has-post-thumbnail","6":"product_cat-sale","7":"product_cat-learning-books","8":"product_shipping_class-xs-en-2","10":"first","11":"instock","12":"sale","13":"taxable","14":"shipping-taxable","15":"purchasable","16":"product-type-simple"},"_links":{"self":[{"href":"https:\/\/minervashop.eu\/en\/wp-json\/wp\/v2\/product\/97480","targetHints":{"allow":["GET"]}}],"collection":[{"href":"https:\/\/minervashop.eu\/en\/wp-json\/wp\/v2\/product"}],"about":[{"href":"https:\/\/minervashop.eu\/en\/wp-json\/wp\/v2\/types\/product"}],"wp:featuredmedia":[{"embeddable":true,"href":"https:\/\/minervashop.eu\/en\/wp-json\/wp\/v2\/media\/97466"}],"wp:attachment":[{"href":"https:\/\/minervashop.eu\/en\/wp-json\/wp\/v2\/media?parent=97480"}],"wp:term":[{"taxonomy":"product_brand","embeddable":true,"href":"https:\/\/minervashop.eu\/en\/wp-json\/wp\/v2\/product_brand?post=97480"},{"taxonomy":"product_cat","embeddable":true,"href":"https:\/\/minervashop.eu\/en\/wp-json\/wp\/v2\/product_cat?post=97480"},{"taxonomy":"product_tag","embeddable":true,"href":"https:\/\/minervashop.eu\/en\/wp-json\/wp\/v2\/product_tag?post=97480"}],"curies":[{"name":"wp","href":"https:\/\/api.w.org\/{rel}","templated":true}]}}