{"id":97830,"date":"2021-11-16T11:41:51","date_gmt":"2021-11-16T11:41:51","guid":{"rendered":"https:\/\/minervashop.eu\/toode\/silver-amber-zodiac-pendant\/"},"modified":"2025-12-10T11:15:52","modified_gmt":"2025-12-10T11:15:52","slug":"silver-amber-zodiac-pendant","status":"publish","type":"product","link":"https:\/\/minervashop.eu\/en\/product\/silver-amber-zodiac-pendant\/","title":{"rendered":"Amber Silver Aries pendant"},"content":{"rendered":"<p class=\"western\" align=\"justify\">Amber &#8211; the gold of the North. This is known as the gentlest stone among the different types of crystals. It has a calming and soothing feature. This crystal healing stone is often used to build up a negative disposition while promoting the patients to take life less seriously. The stone is also used to develop fidelity in every relationship. Crystal healers consider this stone as a self-healing type. It guides the user to have right emotions. Amber is also bet for comforting emotions during post-operative trouble. Amber is one of the first gemstones in human history. Finds from the stone age show amber with incised figures, the oldest amber jewelry is about 30,000 years old. In ancient times, amber is known to both greek and roman authors and to its origin and its forces are told myths for thousands of years. Amber has always been considered a special &#8220;stone&#8221;, although it is not a stone in the traditional sense, but fossilized resin of different trees. The baltic region is the most famous and largest locality of amber. From there it spread in ancient times about manifold trade routes into the whole of Europe.                          <\/p>\n<p><strong>21.03-20.04 J\u00e4\u00e4r <\/strong>Element &#8211; tuli, valitsev planeet &#8211; Marss. Omadus &#8211; Kardinal J\u00e4\u00e4rad loomana on otsusekindlad. Miski ei peata neid tegutsemast, sama on ka inimesega J\u00e4\u00e4ra t\u00e4htkujust. Neil on kuhjadena f\u00fc\u00fcsilist energiat ja nad on v\u00e4ga konkurentsiv\u00f5imelised. Nad peavad k\u00f5ikjal esimesed olema. Kui nad seda ei saavuta, siis nad n\u00e4itavad, et sa teaksid, kui halvad kaotajad nad on. \u00c4ra kunagi \u00fctle J\u00e4\u00e4rale, et ta eksib. Ta muutub ohtlikuks. Ta on fantastiline kaaslane, suurep\u00e4rane juht ja hea poliitik. Talle meeldib juhendada ja organiseerida rohkem kui vaja. \u00c4ra kunagi ignoreeri seda, kuna tema ego saab tugevalt kahjustada ja see ei ole meeldiv vaatepilt. See k\u00f5ik ei ole halb &#8211; nad on s\u00f5bralikud, lahked ja helded ja kindlasti meeldivad Amburi t\u00e4htkujus s\u00fcndinutele. ca 2 cm x 2 cm            <\/p>\n","protected":false},"excerpt":{"rendered":"<p>925 h\u00f5be<br \/>\nca 2,9 cm x 1,9 cm<br \/>\nSuurep\u00e4rane t\u00e4htkuju ripats! Hea kingiidee!<br \/>\nParima kvaliteediga Leedu merevaik.<br \/>\nSobiva keti saab tellida <a href=\"https:\/\/minervashop.eu\/en\/product category\/jewellery\/chains\/silvery-chains\/\" data-cke-saved-href=\"http:\/\/www.minerva.ee\/epood\/KAELAKETID\/\">siit<\/a>.<\/p>\n","protected":false},"featured_media":157961,"template":"","meta":[],"product_brand":[],"product_cat":[255,185,460],"product_tag":[],"class_list":{"0":"post-97830","1":"product","2":"type-product","3":"status-publish","4":"has-post-thumbnail","6":"product_cat-silver-color-pendants","7":"product_cat-natural-stone-pendants","8":"product_cat-zodiac","9":"product_shipping_class-xs-en-2","11":"first","12":"instock","13":"taxable","14":"shipping-taxable","15":"purchasable","16":"product-type-simple"},"_links":{"self":[{"href":"https:\/\/minervashop.eu\/en\/wp-json\/wp\/v2\/product\/97830","targetHints":{"allow":["GET"]}}],"collection":[{"href":"https:\/\/minervashop.eu\/en\/wp-json\/wp\/v2\/product"}],"about":[{"href":"https:\/\/minervashop.eu\/en\/wp-json\/wp\/v2\/types\/product"}],"wp:featuredmedia":[{"embeddable":true,"href":"https:\/\/minervashop.eu\/en\/wp-json\/wp\/v2\/media\/157961"}],"wp:attachment":[{"href":"https:\/\/minervashop.eu\/en\/wp-json\/wp\/v2\/media?parent=97830"}],"wp:term":[{"taxonomy":"product_brand","embeddable":true,"href":"https:\/\/minervashop.eu\/en\/wp-json\/wp\/v2\/product_brand?post=97830"},{"taxonomy":"product_cat","embeddable":true,"href":"https:\/\/minervashop.eu\/en\/wp-json\/wp\/v2\/product_cat?post=97830"},{"taxonomy":"product_tag","embeddable":true,"href":"https:\/\/minervashop.eu\/en\/wp-json\/wp\/v2\/product_tag?post=97830"}],"curies":[{"name":"wp","href":"https:\/\/api.w.org\/{rel}","templated":true}]}}